{"id":8,"date":"2024-08-20T05:39:27","date_gmt":"2024-08-20T05:39:27","guid":{"rendered":"https:\/\/restaurantpoestli.ch\/?page_id=8"},"modified":"2024-08-20T05:49:58","modified_gmt":"2024-08-20T05:49:58","slug":"restaurant-poestli-baltenswil","status":"publish","type":"page","link":"https:\/\/restaurantpoestli.ch\/","title":{"rendered":"Restaurant P\u00f6stli Baltenswil"},"content":{"rendered":"\n<div class=\"wp-block-group alignfull has-accent-background-color has-background has-global-padding is-layout-constrained wp-container-core-group-is-layout-669513ed wp-block-group-is-layout-constrained\" style=\"margin-top:0;margin-bottom:0;padding-top:var(--wp--preset--spacing--50);padding-right:var(--wp--preset--spacing--50);padding-bottom:var(--wp--preset--spacing--50);padding-left:var(--wp--preset--spacing--50)\">\n<div class=\"wp-block-columns alignwide is-layout-flex wp-container-core-columns-is-layout-1da03c2a wp-block-columns-is-layout-flex\">\n<div class=\"wp-block-column is-vertically-aligned-stretch is-layout-flow wp-block-column-is-layout-flow\" style=\"flex-basis:50%\">\n<div class=\"wp-block-group is-vertical is-content-justification-stretch is-layout-flex wp-container-core-group-is-layout-444d5ee8 wp-block-group-is-layout-flex\" style=\"min-height:100%\">\n<p class=\"has-heading-font-family has-x-large-font-size\" style=\"line-height:1.2\">Unser Internetauftritt befindet sich noch im Aufbau. In K\u00fcrze erfahren Sie hier mehr \u00fcber unsere Angebote, das Restaurant und sein Ambiente.<\/p>\n\n\n\n<div class=\"wp-block-group has-global-padding is-content-justification-left is-layout-constrained wp-container-core-group-is-layout-9fe8ed88 wp-block-group-is-layout-constrained\">\n<p class=\"wp-container-content-0733e5d0\"><\/p>\n\n\n\n<div class=\"wp-block-buttons is-layout-flex wp-block-buttons-is-layout-flex\">\n<div class=\"wp-block-button\"><a class=\"wp-block-button__link wp-element-button\">\u00dcber uns<\/a><\/div>\n<\/div>\n<\/div>\n<\/div>\n<\/div>\n\n\n\n<div class=\"wp-block-column is-vertically-aligned-center is-layout-flow wp-block-column-is-layout-flow\" style=\"flex-basis:50%\">\n<iframe src=\"https:\/\/www.google.com\/maps\/embed?pb=!1m14!1m12!1m3!1d5062.630081628759!2d8.640533296812773!3d47.429439438546176!2m3!1f0!2f0!3f0!3m2!1i1024!2i768!4f13.1!5e0!3m2!1sde!2sch!4v1724132250154!5m2!1sde!2sch\" width=\"600\" height=\"450\" style=\"border:0;\" allowfullscreen=\"\" loading=\"lazy\" referrerpolicy=\"no-referrer-when-downgrade\"><\/iframe>\n<\/div>\n<\/div>\n<\/div>\n","protected":false},"excerpt":{"rendered":"<p>Unser Internetauftritt befindet sich noch im Aufbau. In K\u00fcrze erfahren Sie hier mehr \u00fcber unsere Angebote, das Restaurant und sein Ambiente.<\/p>\n","protected":false},"author":1,"featured_media":0,"parent":0,"menu_order":0,"comment_status":"closed","ping_status":"closed","template":"","meta":{"footnotes":""},"class_list":["post-8","page","type-page","status-publish","hentry"],"yoast_head":"<!-- This site is optimized with the Yoast SEO plugin v23.2 - https:\/\/yoast.com\/wordpress\/plugins\/seo\/ -->\n<title>Restaurant P\u00f6stli Baltenswil - Restaurant P\u00f6stli Baltenswil<\/title>\n<meta name=\"robots\" content=\"index, follow, max-snippet:-1, max-image-preview:large, max-video-preview:-1\" \/>\n<link rel=\"canonical\" href=\"https:\/\/restaurantpoestli.ch\/\" \/>\n<meta property=\"og:locale\" content=\"de_DE\" \/>\n<meta property=\"og:type\" content=\"article\" \/>\n<meta property=\"og:title\" content=\"Restaurant P\u00f6stli Baltenswil - Restaurant P\u00f6stli Baltenswil\" \/>\n<meta property=\"og:description\" content=\"Unser Internetauftritt befindet sich noch im Aufbau. In K\u00fcrze erfahren Sie hier mehr \u00fcber unsere Angebote, das Restaurant und sein Ambiente.\" \/>\n<meta property=\"og:url\" content=\"https:\/\/restaurantpoestli.ch\/\" \/>\n<meta property=\"og:site_name\" content=\"Restaurant P\u00f6stli Baltenswil\" \/>\n<meta property=\"article:modified_time\" content=\"2024-08-20T05:49:58+00:00\" \/>\n<meta name=\"twitter:card\" content=\"summary_large_image\" \/>\n<meta name=\"twitter:label1\" content=\"Gesch\u00e4tzte Lesezeit\" \/>\n\t<meta name=\"twitter:data1\" content=\"1\u00a0Minute\" \/>\n<script type=\"application\/ld+json\" class=\"yoast-schema-graph\">{\"@context\":\"https:\/\/schema.org\",\"@graph\":[{\"@type\":\"WebPage\",\"@id\":\"https:\/\/restaurantpoestli.ch\/\",\"url\":\"https:\/\/restaurantpoestli.ch\/\",\"name\":\"Restaurant P\u00f6stli Baltenswil - Restaurant P\u00f6stli Baltenswil\",\"isPartOf\":{\"@id\":\"https:\/\/restaurantpoestli.ch\/#website\"},\"datePublished\":\"2024-08-20T05:39:27+00:00\",\"dateModified\":\"2024-08-20T05:49:58+00:00\",\"breadcrumb\":{\"@id\":\"https:\/\/restaurantpoestli.ch\/#breadcrumb\"},\"inLanguage\":\"de\",\"potentialAction\":[{\"@type\":\"ReadAction\",\"target\":[\"https:\/\/restaurantpoestli.ch\/\"]}]},{\"@type\":\"BreadcrumbList\",\"@id\":\"https:\/\/restaurantpoestli.ch\/#breadcrumb\",\"itemListElement\":[{\"@type\":\"ListItem\",\"position\":1,\"name\":\"Startseite\",\"item\":\"https:\/\/restaurantpoestli.ch\/\"},{\"@type\":\"ListItem\",\"position\":2,\"name\":\"Restaurant P\u00f6stli Baltenswil\"}]},{\"@type\":\"WebSite\",\"@id\":\"https:\/\/restaurantpoestli.ch\/#website\",\"url\":\"https:\/\/restaurantpoestli.ch\/\",\"name\":\"Restaurant P\u00f6stli Baltenswil\",\"description\":\"\",\"potentialAction\":[{\"@type\":\"SearchAction\",\"target\":{\"@type\":\"EntryPoint\",\"urlTemplate\":\"https:\/\/restaurantpoestli.ch\/?s={search_term_string}\"},\"query-input\":\"required name=search_term_string\"}],\"inLanguage\":\"de\"}]}<\/script>\n<!-- \/ Yoast SEO plugin. -->","yoast_head_json":{"title":"Restaurant P\u00f6stli Baltenswil - Restaurant P\u00f6stli Baltenswil","robots":{"index":"index","follow":"follow","max-snippet":"max-snippet:-1","max-image-preview":"max-image-preview:large","max-video-preview":"max-video-preview:-1"},"canonical":"https:\/\/restaurantpoestli.ch\/","og_locale":"de_DE","og_type":"article","og_title":"Restaurant P\u00f6stli Baltenswil - Restaurant P\u00f6stli Baltenswil","og_description":"Unser Internetauftritt befindet sich noch im Aufbau. In K\u00fcrze erfahren Sie hier mehr \u00fcber unsere Angebote, das Restaurant und sein Ambiente.","og_url":"https:\/\/restaurantpoestli.ch\/","og_site_name":"Restaurant P\u00f6stli Baltenswil","article_modified_time":"2024-08-20T05:49:58+00:00","twitter_card":"summary_large_image","twitter_misc":{"Gesch\u00e4tzte Lesezeit":"1\u00a0Minute"},"schema":{"@context":"https:\/\/schema.org","@graph":[{"@type":"WebPage","@id":"https:\/\/restaurantpoestli.ch\/","url":"https:\/\/restaurantpoestli.ch\/","name":"Restaurant P\u00f6stli Baltenswil - Restaurant P\u00f6stli Baltenswil","isPartOf":{"@id":"https:\/\/restaurantpoestli.ch\/#website"},"datePublished":"2024-08-20T05:39:27+00:00","dateModified":"2024-08-20T05:49:58+00:00","breadcrumb":{"@id":"https:\/\/restaurantpoestli.ch\/#breadcrumb"},"inLanguage":"de","potentialAction":[{"@type":"ReadAction","target":["https:\/\/restaurantpoestli.ch\/"]}]},{"@type":"BreadcrumbList","@id":"https:\/\/restaurantpoestli.ch\/#breadcrumb","itemListElement":[{"@type":"ListItem","position":1,"name":"Startseite","item":"https:\/\/restaurantpoestli.ch\/"},{"@type":"ListItem","position":2,"name":"Restaurant P\u00f6stli Baltenswil"}]},{"@type":"WebSite","@id":"https:\/\/restaurantpoestli.ch\/#website","url":"https:\/\/restaurantpoestli.ch\/","name":"Restaurant P\u00f6stli Baltenswil","description":"","potentialAction":[{"@type":"SearchAction","target":{"@type":"EntryPoint","urlTemplate":"https:\/\/restaurantpoestli.ch\/?s={search_term_string}"},"query-input":"required name=search_term_string"}],"inLanguage":"de"}]}},"_links":{"self":[{"href":"https:\/\/restaurantpoestli.ch\/index.php\/wp-json\/wp\/v2\/pages\/8","targetHints":{"allow":["GET"]}}],"collection":[{"href":"https:\/\/restaurantpoestli.ch\/index.php\/wp-json\/wp\/v2\/pages"}],"about":[{"href":"https:\/\/restaurantpoestli.ch\/index.php\/wp-json\/wp\/v2\/types\/page"}],"author":[{"embeddable":true,"href":"https:\/\/restaurantpoestli.ch\/index.php\/wp-json\/wp\/v2\/users\/1"}],"replies":[{"embeddable":true,"href":"https:\/\/restaurantpoestli.ch\/index.php\/wp-json\/wp\/v2\/comments?post=8"}],"version-history":[{"count":2,"href":"https:\/\/restaurantpoestli.ch\/index.php\/wp-json\/wp\/v2\/pages\/8\/revisions"}],"predecessor-version":[{"id":11,"href":"https:\/\/restaurantpoestli.ch\/index.php\/wp-json\/wp\/v2\/pages\/8\/revisions\/11"}],"wp:attachment":[{"href":"https:\/\/restaurantpoestli.ch\/index.php\/wp-json\/wp\/v2\/media?parent=8"}],"curies":[{"name":"wp","href":"https:\/\/api.w.org\/{rel}","templated":true}]}}